{"id":1665,"date":"2022-05-09T19:00:48","date_gmt":"2022-05-09T17:00:48","guid":{"rendered":"http:\/\/www.rcan.fr\/?post_type=product&#038;p=1665"},"modified":"2022-05-09T19:08:21","modified_gmt":"2022-05-09T17:08:21","slug":"cd-r-can-temoignage","status":"publish","type":"product","link":"https:\/\/www.rcan.fr\/index.php\/produit\/cd-r-can-temoignage\/","title":{"rendered":"CD R.CAN TEMOIGNAGE"},"content":{"rendered":"","protected":false},"excerpt":{"rendered":"<p>CD R.CAN TEMOIGNAGE<\/p>\n<p>&nbsp;<\/p>\n<p>TRACKLIST :<\/p>\n<p>&nbsp;<\/p>\n<p><span class=\"style-scope yt-formatted-string\" dir=\"auto\"> 01. Intro : <\/span><a class=\"yt-simple-endpoint style-scope yt-formatted-string\" dir=\"auto\" spellcheck=\"false\" href=\"https:\/\/www.youtube.com\/watch?v=Asw0Gvw_qlY&amp;t=0s\">https:\/\/youtu.be\/Asw0Gvw_qlY<\/a><\/p>\n<p><span class=\"style-scope yt-formatted-string\" dir=\"auto\">02. Merci : <\/span><a class=\"yt-simple-endpoint style-scope yt-formatted-string\" dir=\"auto\" spellcheck=\"false\" href=\"https:\/\/www.youtube.com\/watch?v=szywsMrH4h0&amp;t=0s\">https:\/\/youtu.be\/szywsMrH4h0<\/a><\/p>\n<p><span class=\"style-scope yt-formatted-string\" dir=\"auto\">03. Cante feat. Tekameli : <\/span><a class=\"yt-simple-endpoint style-scope yt-formatted-string\" dir=\"auto\" spellcheck=\"false\" href=\"https:\/\/www.youtube.com\/watch?v=Ectv_N8oFSQ&amp;t=0s\">https:\/\/youtu.be\/Ectv_N8oFSQ<\/a><\/p>\n<p><span class=\"style-scope yt-formatted-string\" dir=\"auto\">04. Vous Me Faites Mal : <\/span><a class=\"yt-simple-endpoint style-scope yt-formatted-string\" dir=\"auto\" spellcheck=\"false\" href=\"https:\/\/www.youtube.com\/watch?v=Xlqi8CLP6Sg&amp;t=0s\">https:\/\/youtu.be\/Xlqi8CLP6Sg<\/a><\/p>\n<p><span class=\"style-scope yt-formatted-string\" dir=\"auto\">05. Kick Au Mic feat. DJ Jilz : <\/span><a class=\"yt-simple-endpoint style-scope yt-formatted-string\" dir=\"auto\" spellcheck=\"false\" href=\"https:\/\/www.youtube.com\/watch?v=bP8AxFAmuzA&amp;t=0s\">https:\/\/youtu.be\/bP8AxFAmuzA<\/a><\/p>\n<p><span class=\"style-scope yt-formatted-string\" dir=\"auto\">06. Farandoles feat. Tess &amp; Kelys : <\/span><a class=\"yt-simple-endpoint style-scope yt-formatted-string\" dir=\"auto\" spellcheck=\"false\" href=\"https:\/\/www.youtube.com\/watch?v=KN3csv2cp9o&amp;t=0s\">https:\/\/youtu.be\/KN3csv2cp9o<\/a><\/p>\n<p><span class=\"style-scope yt-formatted-string\" dir=\"auto\">07. Harraga : <\/span><a class=\"yt-simple-endpoint style-scope yt-formatted-string\" dir=\"auto\" spellcheck=\"false\" href=\"https:\/\/www.youtube.com\/watch?v=iuoHEyrI_i8&amp;t=0s\">https:\/\/youtu.be\/iuoHEyrI_i8<\/a><\/p>\n<p><span class=\"style-scope yt-formatted-string\" dir=\"auto\">08. Le Patriarche : <\/span><a class=\"yt-simple-endpoint style-scope yt-formatted-string\" dir=\"auto\" spellcheck=\"false\" href=\"https:\/\/www.youtube.com\/watch?v=nKafg_NhXbQ&amp;t=0s\">https:\/\/youtu.be\/nKafg_NhXbQ<\/a><\/p>\n<p><span class=\"style-scope yt-formatted-string\" dir=\"auto\">09. T\u00e9moignage De M Zahraoui : <\/span><a class=\"yt-simple-endpoint style-scope yt-formatted-string\" dir=\"auto\" spellcheck=\"false\" href=\"https:\/\/www.youtube.com\/watch?v=seGc3hs1VGY&amp;t=0s\">https:\/\/youtu.be\/seGc3hs1VGY<\/a><\/p>\n<p><span class=\"style-scope yt-formatted-string\" dir=\"auto\">10. Force feat. Sabah : <\/span><a class=\"yt-simple-endpoint style-scope yt-formatted-string\" dir=\"auto\" spellcheck=\"false\" href=\"https:\/\/www.youtube.com\/watch?v=yYf_ee9sBVM&amp;t=0s\">https:\/\/youtu.be\/yYf_ee9sBVM<\/a><\/p>\n<p><span class=\"style-scope yt-formatted-string\" dir=\"auto\">11. Cours Bonhomme : <\/span><a class=\"yt-simple-endpoint style-scope yt-formatted-string\" dir=\"auto\" spellcheck=\"false\" href=\"https:\/\/www.youtube.com\/watch?v=Ktd5qpwDerA&amp;t=0s\">https:\/\/youtu.be\/Ktd5qpwDerA<\/a><\/p>\n<p><span class=\"style-scope yt-formatted-string\" dir=\"auto\">12. Complot Sportif : <\/span><a class=\"yt-simple-endpoint style-scope yt-formatted-string\" dir=\"auto\" spellcheck=\"false\" href=\"https:\/\/www.youtube.com\/watch?v=b9eHaOrZngw&amp;t=0s\">https:\/\/youtu.be\/b9eHaOrZngw<\/a><\/p>\n<p><span class=\"style-scope yt-formatted-string\" dir=\"auto\">13. T\u00e9moignage F\u00e9minin : <\/span><a class=\"yt-simple-endpoint style-scope yt-formatted-string\" dir=\"auto\" spellcheck=\"false\" href=\"https:\/\/www.youtube.com\/watch?v=o8GuCxGbKuw&amp;t=0s\">https:\/\/youtu.be\/o8GuCxGbKuw<\/a><\/p>\n<p><span class=\"style-scope yt-formatted-string\" dir=\"auto\">14. Acro : <\/span><a class=\"yt-simple-endpoint style-scope yt-formatted-string\" dir=\"auto\" spellcheck=\"false\" href=\"https:\/\/www.youtube.com\/watch?v=yvTPV6SN8Ro&amp;t=0s\">https:\/\/youtu.be\/yvTPV6SN8Ro<\/a><\/p>\n<p><span class=\"style-scope yt-formatted-string\" dir=\"auto\">15. D\u00e9cloisonnement Interg\u00e9n\u00e9rationnel feat. Jordi BARRE : <\/span><a class=\"yt-simple-endpoint style-scope yt-formatted-string\" dir=\"auto\" spellcheck=\"false\" href=\"https:\/\/www.youtube.com\/watch?v=jGvlUI0gpaU&amp;t=0s\">https:\/\/youtu.be\/jGvlUI0gpaU<\/a><\/p>\n","protected":false},"featured_media":1497,"comment_status":"closed","ping_status":"closed","template":"","meta":[],"product_brand":[],"product_cat":[298],"product_tag":[],"class_list":{"0":"post-1665","1":"product","2":"type-product","3":"status-publish","4":"has-post-thumbnail","6":"product_cat-cd","8":"first","9":"instock","10":"shipping-taxable","11":"purchasable","12":"product-type-simple"},"_links":{"self":[{"href":"https:\/\/www.rcan.fr\/index.php\/wp-json\/wp\/v2\/product\/1665","targetHints":{"allow":["GET"]}}],"collection":[{"href":"https:\/\/www.rcan.fr\/index.php\/wp-json\/wp\/v2\/product"}],"about":[{"href":"https:\/\/www.rcan.fr\/index.php\/wp-json\/wp\/v2\/types\/product"}],"replies":[{"embeddable":true,"href":"https:\/\/www.rcan.fr\/index.php\/wp-json\/wp\/v2\/comments?post=1665"}],"wp:featuredmedia":[{"embeddable":true,"href":"https:\/\/www.rcan.fr\/index.php\/wp-json\/wp\/v2\/media\/1497"}],"wp:attachment":[{"href":"https:\/\/www.rcan.fr\/index.php\/wp-json\/wp\/v2\/media?parent=1665"}],"wp:term":[{"taxonomy":"product_brand","embeddable":true,"href":"https:\/\/www.rcan.fr\/index.php\/wp-json\/wp\/v2\/product_brand?post=1665"},{"taxonomy":"product_cat","embeddable":true,"href":"https:\/\/www.rcan.fr\/index.php\/wp-json\/wp\/v2\/product_cat?post=1665"},{"taxonomy":"product_tag","embeddable":true,"href":"https:\/\/www.rcan.fr\/index.php\/wp-json\/wp\/v2\/product_tag?post=1665"}],"curies":[{"name":"wp","href":"https:\/\/api.w.org\/{rel}","templated":true}]}}